{"id":1260,"date":"2020-05-27T16:57:05","date_gmt":"2020-05-27T16:57:05","guid":{"rendered":"http:\/\/www.neobaby.com.br\/neo_baby\/?page_id=1260"},"modified":"2025-11-26T10:34:12","modified_gmt":"2025-11-26T13:34:12","slug":"cursos-online","status":"publish","type":"page","link":"https:\/\/www.neobaby.com.br\/neo_baby\/cursos-online\/","title":{"rendered":"Cursos Online"},"content":{"rendered":"\n<h2 class=\"wp-block-heading\"><br><span class=\"has-inline-color has-vivid-cyan-blue-color\">Cursos Online<\/span><\/h2>\n\n\n\n<p>Devido a situa\u00e7\u00e3o mundial de pandemia e as gestantes serem do grupo de risco, com o intuito de evitar aglomera\u00e7\u00f5es, oferecemos a op\u00e7\u00e3o de cursos online.<br>Realizado por uma das enfermeiras consultoras de amamenta\u00e7\u00e3o e que fazem parte da equipe que ministra as aulas nos cursos presenciais.<\/p>\n\n\n\n<p>PROGRAMA\u00c7\u00c3O DAS PALESTRAS:<\/p>\n\n\n\n<p><strong>Aleitamento Materno:<br><\/strong>\u2013 Cuidados com as mamas durante a gesta\u00e7\u00e3o: atualidades.<br>\u2013 Benef\u00edcios do aleitamento materno.<br>\u2013 Como amamentar, posi\u00e7\u00e3o da m\u00e3e e pega correta.<br>\u2013 Como prevenir e tratar dificuldades na amamenta\u00e7\u00e3o: fissuras, ingurgitamentos, mastite, como massagear e esgotar as mamas.<\/p>\n\n\n\n<p><strong>Cuidados com beb\u00eas:<\/strong><\/p>\n\n\n\n<p>\u2013 Aula Pr\u00e1tica:<br>Banho com boneca e vestu\u00e1rio.<br>Troca de fraldas, curativo no coto umbilical.<br>Posi\u00e7\u00e3o para arrotar, posi\u00e7\u00e3o no ber\u00e7o, engasgos e massagem para c\u00f3licas\u2026<br>\u2013 Caracter\u00edsticas e cuidados com o rec\u00e9m-nascido.<br>\u2013 Primeiros socorros: cuidados com engasgos, quedas e febre.<\/p>\n\n\n\n<p><strong><span class=\"has-inline-color has-vivid-cyan-blue-color\">OBS:<br><\/span><\/strong>\u2013 Habilita para a licen\u00e7a paternidade, emitindo a declara\u00e7\u00e3o de Paternidade Respons\u00e1vel, para a empresa cidad\u00e3 liberar a licen\u00e7a de 20 dias, ap\u00f3s o nascimento do beb\u00ea.<\/p>\n\n\n\n<p><strong><span class=\"has-inline-color has-vivid-cyan-blue-color\">Carga hor\u00e1ria:<\/span><\/strong>\u00a03hrs<br><strong><span class=\"has-inline-color has-vivid-cyan-blue-color\">Hor\u00e1rios dos cursos:<\/span><\/strong>\u00a0Conforme disponibilidade de ambos<br><span class=\"has-inline-color has-vivid-cyan-blue-color\"><strong>Valor:<\/strong>\u00a0<\/span>R$300,00 online individual.<br><span class=\"has-inline-color has-vivid-cyan-blue-color\"><strong>Incluso:<\/strong>\u00a0 <\/span>\u00a0Link da apostila do curso e v\u00eddeo de aleitamento e Cuidados.<br>\u00a0 \u00a0 \u00a0 \u00a0 \u00a0 \u00a0 \u00a0 \u00a0 \u00a0Certificado e Declara\u00e7\u00e3o para Licen\u00e7a Paternidade 20 dias.<br>\u00a0 \u00a0 \u00a0 \u00a0 \u00a0 \u00a0 \u00a0 \u00a0 \u00a0Brinde: Sacola com produtos Granado e Mili (retirada na Neobaby).<br><strong><span class=\"has-inline-color has-vivid-cyan-blue-color\">Agendamentos e informa\u00e7\u00f5es:<\/span>\u00a0<\/strong>(41) 99129-7926 \/3348-4383<br><strong><span class=\"has-inline-color has-vivid-cyan-blue-color\">E-mail:<\/span><\/strong>\u00a0neobaby@neobaby.com.br<\/p>\n","protected":false},"excerpt":{"rendered":"<p>Cursos Online Devido a situa\u00e7\u00e3o mundial de pandemia e as gestantes serem do grupo de risco, com o intuito de evitar aglomera\u00e7\u00f5es, oferecemos a op\u00e7\u00e3o de cursos online.Realizado por uma das enfermeiras consultoras de amamenta\u00e7\u00e3o e que fazem parte da equipe que ministra as aulas nos cursos presenciais. PROGRAMA\u00c7\u00c3O DAS PALESTRAS: Aleitamento Materno:\u2013 Cuidados com &hellip;<\/p>\n<p class=\"read-more\"> <a class=\"\" href=\"https:\/\/www.neobaby.com.br\/neo_baby\/cursos-online\/\"> <span class=\"screen-reader-text\">Cursos Online<\/span> Leia mais &raquo;<\/a><\/p>\n","protected":false},"author":1,"featured_media":0,"parent":0,"menu_order":0,"comment_status":"closed","ping_status":"closed","template":"","meta":{"_acf_changed":false,"_uag_custom_page_level_css":"","_joinchat":[],"footnotes":""},"acf":[],"yoast_head":"<!-- This site is optimized with the Yoast SEO plugin v22.5 - https:\/\/yoast.com\/wordpress\/plugins\/seo\/ -->\n<title>Cursos Online - NeoBaby<\/title>\n<meta name=\"robots\" content=\"index, follow, max-snippet:-1, max-image-preview:large, max-video-preview:-1\" \/>\n<link rel=\"canonical\" href=\"https:\/\/www.neobaby.com.br\/neo_baby\/cursos-online\/\" \/>\n<meta property=\"og:locale\" content=\"pt_BR\" \/>\n<meta property=\"og:type\" content=\"article\" \/>\n<meta property=\"og:title\" content=\"Cursos Online - NeoBaby\" \/>\n<meta property=\"og:description\" content=\"Cursos Online Devido a situa\u00e7\u00e3o mundial de pandemia e as gestantes serem do grupo de risco, com o intuito de evitar aglomera\u00e7\u00f5es, oferecemos a op\u00e7\u00e3o de cursos online.Realizado por uma das enfermeiras consultoras de amamenta\u00e7\u00e3o e que fazem parte da equipe que ministra as aulas nos cursos presenciais. PROGRAMA\u00c7\u00c3O DAS PALESTRAS: Aleitamento Materno:\u2013 Cuidados com &hellip; Cursos Online Leia mais &raquo;\" \/>\n<meta property=\"og:url\" content=\"https:\/\/www.neobaby.com.br\/neo_baby\/cursos-online\/\" \/>\n<meta property=\"og:site_name\" content=\"NeoBaby\" \/>\n<meta property=\"article:modified_time\" content=\"2025-11-26T13:34:12+00:00\" \/>\n<meta name=\"twitter:card\" content=\"summary_large_image\" \/>\n<meta name=\"twitter:label1\" content=\"Est. tempo de leitura\" \/>\n\t<meta name=\"twitter:data1\" content=\"2 minutos\" \/>\n<script type=\"application\/ld+json\" class=\"yoast-schema-graph\">{\"@context\":\"https:\/\/schema.org\",\"@graph\":[{\"@type\":\"WebPage\",\"@id\":\"https:\/\/www.neobaby.com.br\/neo_baby\/cursos-online\/\",\"url\":\"https:\/\/www.neobaby.com.br\/neo_baby\/cursos-online\/\",\"name\":\"Cursos Online - NeoBaby\",\"isPartOf\":{\"@id\":\"https:\/\/www.neobaby.com.br\/neo_baby\/#website\"},\"datePublished\":\"2020-05-27T16:57:05+00:00\",\"dateModified\":\"2025-11-26T13:34:12+00:00\",\"breadcrumb\":{\"@id\":\"https:\/\/www.neobaby.com.br\/neo_baby\/cursos-online\/#breadcrumb\"},\"inLanguage\":\"pt-BR\",\"potentialAction\":[{\"@type\":\"ReadAction\",\"target\":[\"https:\/\/www.neobaby.com.br\/neo_baby\/cursos-online\/\"]}]},{\"@type\":\"BreadcrumbList\",\"@id\":\"https:\/\/www.neobaby.com.br\/neo_baby\/cursos-online\/#breadcrumb\",\"itemListElement\":[{\"@type\":\"ListItem\",\"position\":1,\"name\":\"In\u00edcio\",\"item\":\"https:\/\/www.neobaby.com.br\/neo_baby\/\"},{\"@type\":\"ListItem\",\"position\":2,\"name\":\"Cursos Online\"}]},{\"@type\":\"WebSite\",\"@id\":\"https:\/\/www.neobaby.com.br\/neo_baby\/#website\",\"url\":\"https:\/\/www.neobaby.com.br\/neo_baby\/\",\"name\":\"NeoBaby\",\"description\":\"S.O.S Amamenta\u00e7\u00e3o | Curso para Gestantes\",\"publisher\":{\"@id\":\"https:\/\/www.neobaby.com.br\/neo_baby\/#organization\"},\"potentialAction\":[{\"@type\":\"SearchAction\",\"target\":{\"@type\":\"EntryPoint\",\"urlTemplate\":\"https:\/\/www.neobaby.com.br\/neo_baby\/?s={search_term_string}\"},\"query-input\":\"required name=search_term_string\"}],\"inLanguage\":\"pt-BR\"},{\"@type\":\"Organization\",\"@id\":\"https:\/\/www.neobaby.com.br\/neo_baby\/#organization\",\"name\":\"Neo Baby\",\"url\":\"https:\/\/www.neobaby.com.br\/neo_baby\/\",\"logo\":{\"@type\":\"ImageObject\",\"inLanguage\":\"pt-BR\",\"@id\":\"https:\/\/www.neobaby.com.br\/neo_baby\/#\/schema\/logo\/image\/\",\"url\":\"https:\/\/www.neobaby.com.br\/neo_baby\/wp-content\/uploads\/2015\/11\/logo.jpg\",\"contentUrl\":\"https:\/\/www.neobaby.com.br\/neo_baby\/wp-content\/uploads\/2015\/11\/logo.jpg\",\"width\":193,\"height\":71,\"caption\":\"Neo Baby\"},\"image\":{\"@id\":\"https:\/\/www.neobaby.com.br\/neo_baby\/#\/schema\/logo\/image\/\"}}]}<\/script>\n<!-- \/ Yoast SEO plugin. -->","yoast_head_json":{"title":"Cursos Online - NeoBaby","robots":{"index":"index","follow":"follow","max-snippet":"max-snippet:-1","max-image-preview":"max-image-preview:large","max-video-preview":"max-video-preview:-1"},"canonical":"https:\/\/www.neobaby.com.br\/neo_baby\/cursos-online\/","og_locale":"pt_BR","og_type":"article","og_title":"Cursos Online - NeoBaby","og_description":"Cursos Online Devido a situa\u00e7\u00e3o mundial de pandemia e as gestantes serem do grupo de risco, com o intuito de evitar aglomera\u00e7\u00f5es, oferecemos a op\u00e7\u00e3o de cursos online.Realizado por uma das enfermeiras consultoras de amamenta\u00e7\u00e3o e que fazem parte da equipe que ministra as aulas nos cursos presenciais. PROGRAMA\u00c7\u00c3O DAS PALESTRAS: Aleitamento Materno:\u2013 Cuidados com &hellip; Cursos Online Leia mais &raquo;","og_url":"https:\/\/www.neobaby.com.br\/neo_baby\/cursos-online\/","og_site_name":"NeoBaby","article_modified_time":"2025-11-26T13:34:12+00:00","twitter_card":"summary_large_image","twitter_misc":{"Est. tempo de leitura":"2 minutos"},"schema":{"@context":"https:\/\/schema.org","@graph":[{"@type":"WebPage","@id":"https:\/\/www.neobaby.com.br\/neo_baby\/cursos-online\/","url":"https:\/\/www.neobaby.com.br\/neo_baby\/cursos-online\/","name":"Cursos Online - NeoBaby","isPartOf":{"@id":"https:\/\/www.neobaby.com.br\/neo_baby\/#website"},"datePublished":"2020-05-27T16:57:05+00:00","dateModified":"2025-11-26T13:34:12+00:00","breadcrumb":{"@id":"https:\/\/www.neobaby.com.br\/neo_baby\/cursos-online\/#breadcrumb"},"inLanguage":"pt-BR","potentialAction":[{"@type":"ReadAction","target":["https:\/\/www.neobaby.com.br\/neo_baby\/cursos-online\/"]}]},{"@type":"BreadcrumbList","@id":"https:\/\/www.neobaby.com.br\/neo_baby\/cursos-online\/#breadcrumb","itemListElement":[{"@type":"ListItem","position":1,"name":"In\u00edcio","item":"https:\/\/www.neobaby.com.br\/neo_baby\/"},{"@type":"ListItem","position":2,"name":"Cursos Online"}]},{"@type":"WebSite","@id":"https:\/\/www.neobaby.com.br\/neo_baby\/#website","url":"https:\/\/www.neobaby.com.br\/neo_baby\/","name":"NeoBaby","description":"S.O.S Amamenta\u00e7\u00e3o | Curso para Gestantes","publisher":{"@id":"https:\/\/www.neobaby.com.br\/neo_baby\/#organization"},"potentialAction":[{"@type":"SearchAction","target":{"@type":"EntryPoint","urlTemplate":"https:\/\/www.neobaby.com.br\/neo_baby\/?s={search_term_string}"},"query-input":"required name=search_term_string"}],"inLanguage":"pt-BR"},{"@type":"Organization","@id":"https:\/\/www.neobaby.com.br\/neo_baby\/#organization","name":"Neo Baby","url":"https:\/\/www.neobaby.com.br\/neo_baby\/","logo":{"@type":"ImageObject","inLanguage":"pt-BR","@id":"https:\/\/www.neobaby.com.br\/neo_baby\/#\/schema\/logo\/image\/","url":"https:\/\/www.neobaby.com.br\/neo_baby\/wp-content\/uploads\/2015\/11\/logo.jpg","contentUrl":"https:\/\/www.neobaby.com.br\/neo_baby\/wp-content\/uploads\/2015\/11\/logo.jpg","width":193,"height":71,"caption":"Neo Baby"},"image":{"@id":"https:\/\/www.neobaby.com.br\/neo_baby\/#\/schema\/logo\/image\/"}}]}},"uagb_featured_image_src":{"full":false,"thumbnail":false,"medium":false,"medium_large":false,"large":false,"1536x1536":false,"2048x2048":false},"uagb_author_info":{"display_name":"admin","author_link":"https:\/\/www.neobaby.com.br\/neo_baby\/author\/admin\/"},"uagb_comment_info":0,"uagb_excerpt":"Cursos Online Devido a situa\u00e7\u00e3o mundial de pandemia e as gestantes serem do grupo de risco, com o intuito de evitar aglomera\u00e7\u00f5es, oferecemos a op\u00e7\u00e3o de cursos online.Realizado por uma das enfermeiras consultoras de amamenta\u00e7\u00e3o e que fazem parte da equipe que ministra as aulas nos cursos presenciais. PROGRAMA\u00c7\u00c3O DAS PALESTRAS: Aleitamento Materno:\u2013 Cuidados com&hellip;","_links":{"self":[{"href":"https:\/\/www.neobaby.com.br\/neo_baby\/wp-json\/wp\/v2\/pages\/1260"}],"collection":[{"href":"https:\/\/www.neobaby.com.br\/neo_baby\/wp-json\/wp\/v2\/pages"}],"about":[{"href":"https:\/\/www.neobaby.com.br\/neo_baby\/wp-json\/wp\/v2\/types\/page"}],"author":[{"embeddable":true,"href":"https:\/\/www.neobaby.com.br\/neo_baby\/wp-json\/wp\/v2\/users\/1"}],"replies":[{"embeddable":true,"href":"https:\/\/www.neobaby.com.br\/neo_baby\/wp-json\/wp\/v2\/comments?post=1260"}],"version-history":[{"count":13,"href":"https:\/\/www.neobaby.com.br\/neo_baby\/wp-json\/wp\/v2\/pages\/1260\/revisions"}],"predecessor-version":[{"id":1776,"href":"https:\/\/www.neobaby.com.br\/neo_baby\/wp-json\/wp\/v2\/pages\/1260\/revisions\/1776"}],"wp:attachment":[{"href":"https:\/\/www.neobaby.com.br\/neo_baby\/wp-json\/wp\/v2\/media?parent=1260"}],"curies":[{"name":"wp","href":"https:\/\/api.w.org\/{rel}","templated":true}]}}