{"id":1379,"date":"2020-05-28T02:34:42","date_gmt":"2020-05-28T02:34:42","guid":{"rendered":"http:\/\/www.neobaby.com.br\/neo_baby\/?page_id=1379"},"modified":"2025-08-28T17:34:38","modified_gmt":"2025-08-28T20:34:38","slug":"laserterapia","status":"publish","type":"page","link":"https:\/\/www.neobaby.com.br\/neo_baby\/laserterapia\/","title":{"rendered":"Laserterapia"},"content":{"rendered":"\n<p>No per\u00edodo do p\u00f3s parto, muitas mulheres passam os primeiros dias com desconfortos nos mamilos, isso devido as primeiras mamadas serem um aprendizado, tanto para a m\u00e3e como para o beb\u00ea.<br>Al\u00e9m de corrigir a pega correta do beb\u00ea no peito, tamb\u00e9m a posi\u00e7\u00e3o no colo, na hora da mamada, deve ser observada, \u00e9 importante ambos estarem bem confort\u00e1veis e relaxados.<br>Se mesmo assim permanecer ferido ou formar machucados que demoram cicatrizar e\/ou muito grandes; para uma cicatriza\u00e7\u00e3o mais r\u00e1pida, podem ser usados entre outros cuidados, a aplica\u00e7\u00e3o de laser de baixa pot\u00eancia. O laser tem a\u00e7\u00e3o anti-inflamat\u00f3ria, analg\u00e9sica e anti-edema.<\/p>\n\n\n\n<figure class=\"wp-block-image size-large is-resized\"><img loading=\"lazy\" decoding=\"async\" width=\"834\" height=\"1024\" src=\"https:\/\/www.neobaby.com.br\/neo_baby\/wp-content\/uploads\/2020\/05\/laserterapia2-1-834x1024.jpg\" alt=\"\" class=\"wp-image-1462\" style=\"width:360px\" srcset=\"https:\/\/www.neobaby.com.br\/neo_baby\/wp-content\/uploads\/2020\/05\/laserterapia2-1-834x1024.jpg 834w, https:\/\/www.neobaby.com.br\/neo_baby\/wp-content\/uploads\/2020\/05\/laserterapia2-1-244x300.jpg 244w, https:\/\/www.neobaby.com.br\/neo_baby\/wp-content\/uploads\/2020\/05\/laserterapia2-1-90x110.jpg 90w, https:\/\/www.neobaby.com.br\/neo_baby\/wp-content\/uploads\/2020\/05\/laserterapia2-1-768x943.jpg 768w, https:\/\/www.neobaby.com.br\/neo_baby\/wp-content\/uploads\/2020\/05\/laserterapia2-1.jpg 1043w\" sizes=\"(max-width: 834px) 100vw, 834px\" \/><\/figure>\n\n\n\n<figure class=\"wp-block-image size-full is-resized\"><img loading=\"lazy\" decoding=\"async\" width=\"496\" height=\"648\" src=\"https:\/\/www.neobaby.com.br\/neo_baby\/wp-content\/uploads\/2020\/05\/laserterapia3.png\" alt=\"\" class=\"wp-image-1464\" style=\"width:360px\" srcset=\"https:\/\/www.neobaby.com.br\/neo_baby\/wp-content\/uploads\/2020\/05\/laserterapia3.png 496w, https:\/\/www.neobaby.com.br\/neo_baby\/wp-content\/uploads\/2020\/05\/laserterapia3-230x300.png 230w, https:\/\/www.neobaby.com.br\/neo_baby\/wp-content\/uploads\/2020\/05\/laserterapia3-84x110.png 84w\" sizes=\"(max-width: 496px) 100vw, 496px\" \/><\/figure>\n\n\n\n<figure class=\"wp-block-image size-large is-resized\"><img loading=\"lazy\" decoding=\"async\" width=\"498\" height=\"1024\" src=\"https:\/\/www.neobaby.com.br\/neo_baby\/wp-content\/uploads\/2020\/05\/laserterapi1-498x1024.jpeg\" alt=\"\" class=\"wp-image-1460\" style=\"width:360px;height:auto\" srcset=\"https:\/\/www.neobaby.com.br\/neo_baby\/wp-content\/uploads\/2020\/05\/laserterapi1-498x1024.jpeg 498w, https:\/\/www.neobaby.com.br\/neo_baby\/wp-content\/uploads\/2020\/05\/laserterapi1-146x300.jpeg 146w, https:\/\/www.neobaby.com.br\/neo_baby\/wp-content\/uploads\/2020\/05\/laserterapi1-54x110.jpeg 54w, https:\/\/www.neobaby.com.br\/neo_baby\/wp-content\/uploads\/2020\/05\/laserterapi1.jpeg 502w\" sizes=\"(max-width: 498px) 100vw, 498px\" \/><\/figure>\n\n\n\n<p><strong><span style=\"color: #4878cd;\">Hor\u00e1rios:<\/span> <\/strong>Conforme agendamento.<br><span style=\"color: #4878cd;\"><strong>Valor:<\/strong><\/span>&nbsp;R$ 220,00 domic\u00edlio Curitiba \/ Regi\u00e3o Metropolitana depende do Km<\/p>\n\n\n\n<div class=\"wp-block-group\"><div class=\"wp-block-group__inner-container is-layout-flow wp-block-group-is-layout-flow\">\n<p><strong><span style=\"color:#0488c0\" class=\"has-inline-color\">Laser + Consultoria (Curitiba):<\/span><\/strong> R$385,00 + R$ 100,00 (Laser).<\/p>\n<\/div><\/div>\n\n\n\n<div class=\"wp-block-group\"><div class=\"wp-block-group__inner-container is-layout-flow wp-block-group-is-layout-flow\">\n<p><strong><span style=\"color:#0288d6\" class=\"has-inline-color\">Laser + Consultoria (Regi\u00e3o Metropolitana):<\/span><\/strong> R$ 450,00 + R$100,00 (Laser).<\/p>\n\n\n\n<p><span style=\"color: #4878cd;\"><strong>Agendamentos e informa\u00e7\u00f5es:<\/strong><\/span>(41) 99129-7926 <br><span style=\"color: #4878cd;\"><strong>E-mail:<\/strong><\/span>&nbsp;neobaby@neobaby.com.br<\/p>\n<\/div><\/div>\n","protected":false},"excerpt":{"rendered":"<p>No per\u00edodo do p\u00f3s parto, muitas mulheres passam os primeiros dias com desconfortos nos mamilos, isso devido as primeiras mamadas serem um aprendizado, tanto para a m\u00e3e como para o beb\u00ea.Al\u00e9m de corrigir a pega correta do beb\u00ea no peito, tamb\u00e9m a posi\u00e7\u00e3o no colo, na hora da mamada, deve ser observada, \u00e9 importante ambos &hellip;<\/p>\n<p class=\"read-more\"> <a class=\"\" href=\"https:\/\/www.neobaby.com.br\/neo_baby\/laserterapia\/\"> <span class=\"screen-reader-text\">Laserterapia<\/span> Leia mais &raquo;<\/a><\/p>\n","protected":false},"author":1,"featured_media":0,"parent":0,"menu_order":0,"comment_status":"closed","ping_status":"closed","template":"","meta":{"_acf_changed":false,"_uag_custom_page_level_css":"","_joinchat":[],"footnotes":""},"acf":[],"yoast_head":"<!-- This site is optimized with the Yoast SEO plugin v22.5 - https:\/\/yoast.com\/wordpress\/plugins\/seo\/ -->\n<title>Laserterapia - NeoBaby<\/title>\n<meta name=\"robots\" content=\"index, follow, max-snippet:-1, max-image-preview:large, max-video-preview:-1\" \/>\n<link rel=\"canonical\" href=\"https:\/\/www.neobaby.com.br\/neo_baby\/laserterapia\/\" \/>\n<meta property=\"og:locale\" content=\"pt_BR\" \/>\n<meta property=\"og:type\" content=\"article\" \/>\n<meta property=\"og:title\" content=\"Laserterapia - NeoBaby\" \/>\n<meta property=\"og:description\" content=\"No per\u00edodo do p\u00f3s parto, muitas mulheres passam os primeiros dias com desconfortos nos mamilos, isso devido as primeiras mamadas serem um aprendizado, tanto para a m\u00e3e como para o beb\u00ea.Al\u00e9m de corrigir a pega correta do beb\u00ea no peito, tamb\u00e9m a posi\u00e7\u00e3o no colo, na hora da mamada, deve ser observada, \u00e9 importante ambos &hellip; Laserterapia Leia mais &raquo;\" \/>\n<meta property=\"og:url\" content=\"https:\/\/www.neobaby.com.br\/neo_baby\/laserterapia\/\" \/>\n<meta property=\"og:site_name\" content=\"NeoBaby\" \/>\n<meta property=\"article:modified_time\" content=\"2025-08-28T20:34:38+00:00\" \/>\n<meta property=\"og:image\" content=\"https:\/\/www.neobaby.com.br\/neo_baby\/wp-content\/uploads\/2020\/05\/laserterapia2-1-834x1024.jpg\" \/>\n<meta name=\"twitter:card\" content=\"summary_large_image\" \/>\n<meta name=\"twitter:label1\" content=\"Est. tempo de leitura\" \/>\n\t<meta name=\"twitter:data1\" content=\"2 minutos\" \/>\n<script type=\"application\/ld+json\" class=\"yoast-schema-graph\">{\"@context\":\"https:\/\/schema.org\",\"@graph\":[{\"@type\":\"WebPage\",\"@id\":\"https:\/\/www.neobaby.com.br\/neo_baby\/laserterapia\/\",\"url\":\"https:\/\/www.neobaby.com.br\/neo_baby\/laserterapia\/\",\"name\":\"Laserterapia - NeoBaby\",\"isPartOf\":{\"@id\":\"https:\/\/www.neobaby.com.br\/neo_baby\/#website\"},\"primaryImageOfPage\":{\"@id\":\"https:\/\/www.neobaby.com.br\/neo_baby\/laserterapia\/#primaryimage\"},\"image\":{\"@id\":\"https:\/\/www.neobaby.com.br\/neo_baby\/laserterapia\/#primaryimage\"},\"thumbnailUrl\":\"https:\/\/www.neobaby.com.br\/neo_baby\/wp-content\/uploads\/2020\/05\/laserterapia2-1-834x1024.jpg\",\"datePublished\":\"2020-05-28T02:34:42+00:00\",\"dateModified\":\"2025-08-28T20:34:38+00:00\",\"breadcrumb\":{\"@id\":\"https:\/\/www.neobaby.com.br\/neo_baby\/laserterapia\/#breadcrumb\"},\"inLanguage\":\"pt-BR\",\"potentialAction\":[{\"@type\":\"ReadAction\",\"target\":[\"https:\/\/www.neobaby.com.br\/neo_baby\/laserterapia\/\"]}]},{\"@type\":\"ImageObject\",\"inLanguage\":\"pt-BR\",\"@id\":\"https:\/\/www.neobaby.com.br\/neo_baby\/laserterapia\/#primaryimage\",\"url\":\"https:\/\/www.neobaby.com.br\/neo_baby\/wp-content\/uploads\/2020\/05\/laserterapia2-1.jpg\",\"contentUrl\":\"https:\/\/www.neobaby.com.br\/neo_baby\/wp-content\/uploads\/2020\/05\/laserterapia2-1.jpg\",\"width\":1043,\"height\":1280},{\"@type\":\"BreadcrumbList\",\"@id\":\"https:\/\/www.neobaby.com.br\/neo_baby\/laserterapia\/#breadcrumb\",\"itemListElement\":[{\"@type\":\"ListItem\",\"position\":1,\"name\":\"In\u00edcio\",\"item\":\"https:\/\/www.neobaby.com.br\/neo_baby\/\"},{\"@type\":\"ListItem\",\"position\":2,\"name\":\"Laserterapia\"}]},{\"@type\":\"WebSite\",\"@id\":\"https:\/\/www.neobaby.com.br\/neo_baby\/#website\",\"url\":\"https:\/\/www.neobaby.com.br\/neo_baby\/\",\"name\":\"NeoBaby\",\"description\":\"S.O.S Amamenta\u00e7\u00e3o | Curso para Gestantes\",\"publisher\":{\"@id\":\"https:\/\/www.neobaby.com.br\/neo_baby\/#organization\"},\"potentialAction\":[{\"@type\":\"SearchAction\",\"target\":{\"@type\":\"EntryPoint\",\"urlTemplate\":\"https:\/\/www.neobaby.com.br\/neo_baby\/?s={search_term_string}\"},\"query-input\":\"required name=search_term_string\"}],\"inLanguage\":\"pt-BR\"},{\"@type\":\"Organization\",\"@id\":\"https:\/\/www.neobaby.com.br\/neo_baby\/#organization\",\"name\":\"Neo Baby\",\"url\":\"https:\/\/www.neobaby.com.br\/neo_baby\/\",\"logo\":{\"@type\":\"ImageObject\",\"inLanguage\":\"pt-BR\",\"@id\":\"https:\/\/www.neobaby.com.br\/neo_baby\/#\/schema\/logo\/image\/\",\"url\":\"https:\/\/www.neobaby.com.br\/neo_baby\/wp-content\/uploads\/2015\/11\/logo.jpg\",\"contentUrl\":\"https:\/\/www.neobaby.com.br\/neo_baby\/wp-content\/uploads\/2015\/11\/logo.jpg\",\"width\":193,\"height\":71,\"caption\":\"Neo Baby\"},\"image\":{\"@id\":\"https:\/\/www.neobaby.com.br\/neo_baby\/#\/schema\/logo\/image\/\"}}]}<\/script>\n<!-- \/ Yoast SEO plugin. -->","yoast_head_json":{"title":"Laserterapia - NeoBaby","robots":{"index":"index","follow":"follow","max-snippet":"max-snippet:-1","max-image-preview":"max-image-preview:large","max-video-preview":"max-video-preview:-1"},"canonical":"https:\/\/www.neobaby.com.br\/neo_baby\/laserterapia\/","og_locale":"pt_BR","og_type":"article","og_title":"Laserterapia - NeoBaby","og_description":"No per\u00edodo do p\u00f3s parto, muitas mulheres passam os primeiros dias com desconfortos nos mamilos, isso devido as primeiras mamadas serem um aprendizado, tanto para a m\u00e3e como para o beb\u00ea.Al\u00e9m de corrigir a pega correta do beb\u00ea no peito, tamb\u00e9m a posi\u00e7\u00e3o no colo, na hora da mamada, deve ser observada, \u00e9 importante ambos &hellip; Laserterapia Leia mais &raquo;","og_url":"https:\/\/www.neobaby.com.br\/neo_baby\/laserterapia\/","og_site_name":"NeoBaby","article_modified_time":"2025-08-28T20:34:38+00:00","og_image":[{"url":"https:\/\/www.neobaby.com.br\/neo_baby\/wp-content\/uploads\/2020\/05\/laserterapia2-1-834x1024.jpg"}],"twitter_card":"summary_large_image","twitter_misc":{"Est. tempo de leitura":"2 minutos"},"schema":{"@context":"https:\/\/schema.org","@graph":[{"@type":"WebPage","@id":"https:\/\/www.neobaby.com.br\/neo_baby\/laserterapia\/","url":"https:\/\/www.neobaby.com.br\/neo_baby\/laserterapia\/","name":"Laserterapia - NeoBaby","isPartOf":{"@id":"https:\/\/www.neobaby.com.br\/neo_baby\/#website"},"primaryImageOfPage":{"@id":"https:\/\/www.neobaby.com.br\/neo_baby\/laserterapia\/#primaryimage"},"image":{"@id":"https:\/\/www.neobaby.com.br\/neo_baby\/laserterapia\/#primaryimage"},"thumbnailUrl":"https:\/\/www.neobaby.com.br\/neo_baby\/wp-content\/uploads\/2020\/05\/laserterapia2-1-834x1024.jpg","datePublished":"2020-05-28T02:34:42+00:00","dateModified":"2025-08-28T20:34:38+00:00","breadcrumb":{"@id":"https:\/\/www.neobaby.com.br\/neo_baby\/laserterapia\/#breadcrumb"},"inLanguage":"pt-BR","potentialAction":[{"@type":"ReadAction","target":["https:\/\/www.neobaby.com.br\/neo_baby\/laserterapia\/"]}]},{"@type":"ImageObject","inLanguage":"pt-BR","@id":"https:\/\/www.neobaby.com.br\/neo_baby\/laserterapia\/#primaryimage","url":"https:\/\/www.neobaby.com.br\/neo_baby\/wp-content\/uploads\/2020\/05\/laserterapia2-1.jpg","contentUrl":"https:\/\/www.neobaby.com.br\/neo_baby\/wp-content\/uploads\/2020\/05\/laserterapia2-1.jpg","width":1043,"height":1280},{"@type":"BreadcrumbList","@id":"https:\/\/www.neobaby.com.br\/neo_baby\/laserterapia\/#breadcrumb","itemListElement":[{"@type":"ListItem","position":1,"name":"In\u00edcio","item":"https:\/\/www.neobaby.com.br\/neo_baby\/"},{"@type":"ListItem","position":2,"name":"Laserterapia"}]},{"@type":"WebSite","@id":"https:\/\/www.neobaby.com.br\/neo_baby\/#website","url":"https:\/\/www.neobaby.com.br\/neo_baby\/","name":"NeoBaby","description":"S.O.S Amamenta\u00e7\u00e3o | Curso para Gestantes","publisher":{"@id":"https:\/\/www.neobaby.com.br\/neo_baby\/#organization"},"potentialAction":[{"@type":"SearchAction","target":{"@type":"EntryPoint","urlTemplate":"https:\/\/www.neobaby.com.br\/neo_baby\/?s={search_term_string}"},"query-input":"required name=search_term_string"}],"inLanguage":"pt-BR"},{"@type":"Organization","@id":"https:\/\/www.neobaby.com.br\/neo_baby\/#organization","name":"Neo Baby","url":"https:\/\/www.neobaby.com.br\/neo_baby\/","logo":{"@type":"ImageObject","inLanguage":"pt-BR","@id":"https:\/\/www.neobaby.com.br\/neo_baby\/#\/schema\/logo\/image\/","url":"https:\/\/www.neobaby.com.br\/neo_baby\/wp-content\/uploads\/2015\/11\/logo.jpg","contentUrl":"https:\/\/www.neobaby.com.br\/neo_baby\/wp-content\/uploads\/2015\/11\/logo.jpg","width":193,"height":71,"caption":"Neo Baby"},"image":{"@id":"https:\/\/www.neobaby.com.br\/neo_baby\/#\/schema\/logo\/image\/"}}]}},"uagb_featured_image_src":{"full":false,"thumbnail":false,"medium":false,"medium_large":false,"large":false,"1536x1536":false,"2048x2048":false},"uagb_author_info":{"display_name":"admin","author_link":"https:\/\/www.neobaby.com.br\/neo_baby\/author\/admin\/"},"uagb_comment_info":0,"uagb_excerpt":"No per\u00edodo do p\u00f3s parto, muitas mulheres passam os primeiros dias com desconfortos nos mamilos, isso devido as primeiras mamadas serem um aprendizado, tanto para a m\u00e3e como para o beb\u00ea.Al\u00e9m de corrigir a pega correta do beb\u00ea no peito, tamb\u00e9m a posi\u00e7\u00e3o no colo, na hora da mamada, deve ser observada, \u00e9 importante ambos&hellip;","_links":{"self":[{"href":"https:\/\/www.neobaby.com.br\/neo_baby\/wp-json\/wp\/v2\/pages\/1379"}],"collection":[{"href":"https:\/\/www.neobaby.com.br\/neo_baby\/wp-json\/wp\/v2\/pages"}],"about":[{"href":"https:\/\/www.neobaby.com.br\/neo_baby\/wp-json\/wp\/v2\/types\/page"}],"author":[{"embeddable":true,"href":"https:\/\/www.neobaby.com.br\/neo_baby\/wp-json\/wp\/v2\/users\/1"}],"replies":[{"embeddable":true,"href":"https:\/\/www.neobaby.com.br\/neo_baby\/wp-json\/wp\/v2\/comments?post=1379"}],"version-history":[{"count":25,"href":"https:\/\/www.neobaby.com.br\/neo_baby\/wp-json\/wp\/v2\/pages\/1379\/revisions"}],"predecessor-version":[{"id":1768,"href":"https:\/\/www.neobaby.com.br\/neo_baby\/wp-json\/wp\/v2\/pages\/1379\/revisions\/1768"}],"wp:attachment":[{"href":"https:\/\/www.neobaby.com.br\/neo_baby\/wp-json\/wp\/v2\/media?parent=1379"}],"curies":[{"name":"wp","href":"https:\/\/api.w.org\/{rel}","templated":true}]}}