{"id":923,"date":"2020-05-26T18:21:02","date_gmt":"2020-05-26T18:21:02","guid":{"rendered":"http:\/\/www.neobaby.com.br\/neo_baby\/?page_id=923"},"modified":"2020-05-29T16:30:23","modified_gmt":"2020-05-29T19:30:23","slug":"quem-somos","status":"publish","type":"page","link":"https:\/\/www.neobaby.com.br\/neo_baby\/quem-somos\/","title":{"rendered":"Quem Somos"},"content":{"rendered":"\n<section class=\"wp-block-uagb-section uagb-section__wrap uagb-section__background-image uagb-block-9678000c\"><div class=\"uagb-section__overlay\"><\/div><div class=\"uagb-section__inner-wrap\">\n<section class=\"wp-block-uagb-section uagb-section__wrap uagb-section__background-undefined uagb-block-db957bda\"><div class=\"uagb-section__overlay\"><\/div><div class=\"uagb-section__inner-wrap\"><\/div><\/section>\n<\/div><\/section>\n\n\n\n<section class=\"wp-block-uagb-section uagb-section__wrap uagb-section__background-color uagb-block-f57c43ed-260e-44a4-8cc7-62a29ab802f3\"><div class=\"uagb-section__overlay\"><\/div><div class=\"uagb-section__inner-wrap\">\n<h2 class=\"has-text-align-center has-text-color wp-block-heading\" style=\"color:#4878cd\">Quem Somos<\/h2>\n\n\n\n<p><strong>A NeoBaby Assessoria em Sa\u00fade<\/strong>, atuante no Paran\u00e1 desde 1998, foi fundada por Denise Dapper, enfermeira e Conselheira em Aleitamento Materno. A empresa \u00e9 composta por equipe interdisciplinar que desenvolve programas que t\u00eam como objetivo fortalecer e&nbsp; humanizar a assist\u00eancia materno\u2013infantil. Os programas visam: A prepara\u00e7\u00e3o do casal gr\u00e1vido, promo\u00e7\u00e3o do aleitamento materno e orientar sobre os cuidados com o beb\u00ea, durante a gravidez e ap\u00f3s o parto.<br>Durante a gravidez, atrav\u00e9s dos cursos de gestantes, e ap\u00f3s o nascimento, com o Baby Care \u2013 S.O.S. Amamenta\u00e7\u00e3o. Ambos atendimentos domiciliares e no consult\u00f3rio realizados pela NeoBaby.<\/p>\n\n\n\n<p>Nosso programa tem alcan\u00e7ado diversos segmentos da sociedade. Conta com equipe interdisciplinar de renome nas \u00e1reas de sa\u00fade e atualmente contabiliza mais de 15.000 gestantes participantes do curso para gestantes e 21.000 m\u00e3es nutrizes atendidas no programa de S.O.S amamenta\u00e7\u00e3o, in\u00e9dito em Curitiba e no Paran\u00e1. Nossa proposta \u00e9 promover o v\u00ednculo entre pais e filhos e oferecer condi\u00e7\u00f5es para a preven\u00e7\u00e3o da sa\u00fade f\u00edsica e mental. Portanto, oferecemos ao nascimento de um ser humano seu verdadeiro sentido:<\/p>\n\n\n\n<p><em><strong>\u201cAlgo grandioso a ser plenamente vivenciado\u201c.<\/strong><\/em><\/p>\n<\/div><\/section>\n","protected":false},"excerpt":{"rendered":"","protected":false},"author":1,"featured_media":0,"parent":0,"menu_order":0,"comment_status":"closed","ping_status":"closed","template":"","meta":{"_acf_changed":false,"_uag_custom_page_level_css":"","_joinchat":[],"footnotes":""},"acf":[],"yoast_head":"<!-- This site is optimized with the Yoast SEO plugin v22.5 - https:\/\/yoast.com\/wordpress\/plugins\/seo\/ -->\n<title>Quem Somos - NeoBaby<\/title>\n<meta name=\"robots\" content=\"index, follow, max-snippet:-1, max-image-preview:large, max-video-preview:-1\" \/>\n<link rel=\"canonical\" href=\"https:\/\/www.neobaby.com.br\/neo_baby\/quem-somos\/\" \/>\n<meta property=\"og:locale\" content=\"pt_BR\" \/>\n<meta property=\"og:type\" content=\"article\" \/>\n<meta property=\"og:title\" content=\"Quem Somos - NeoBaby\" \/>\n<meta property=\"og:url\" content=\"https:\/\/www.neobaby.com.br\/neo_baby\/quem-somos\/\" \/>\n<meta property=\"og:site_name\" content=\"NeoBaby\" \/>\n<meta property=\"article:modified_time\" content=\"2020-05-29T19:30:23+00:00\" \/>\n<meta name=\"twitter:card\" content=\"summary_large_image\" \/>\n<meta name=\"twitter:label1\" content=\"Est. tempo de leitura\" \/>\n\t<meta name=\"twitter:data1\" content=\"1 minuto\" \/>\n<script type=\"application\/ld+json\" class=\"yoast-schema-graph\">{\"@context\":\"https:\/\/schema.org\",\"@graph\":[{\"@type\":\"WebPage\",\"@id\":\"https:\/\/www.neobaby.com.br\/neo_baby\/quem-somos\/\",\"url\":\"https:\/\/www.neobaby.com.br\/neo_baby\/quem-somos\/\",\"name\":\"Quem Somos - NeoBaby\",\"isPartOf\":{\"@id\":\"https:\/\/www.neobaby.com.br\/neo_baby\/#website\"},\"datePublished\":\"2020-05-26T18:21:02+00:00\",\"dateModified\":\"2020-05-29T19:30:23+00:00\",\"breadcrumb\":{\"@id\":\"https:\/\/www.neobaby.com.br\/neo_baby\/quem-somos\/#breadcrumb\"},\"inLanguage\":\"pt-BR\",\"potentialAction\":[{\"@type\":\"ReadAction\",\"target\":[\"https:\/\/www.neobaby.com.br\/neo_baby\/quem-somos\/\"]}]},{\"@type\":\"BreadcrumbList\",\"@id\":\"https:\/\/www.neobaby.com.br\/neo_baby\/quem-somos\/#breadcrumb\",\"itemListElement\":[{\"@type\":\"ListItem\",\"position\":1,\"name\":\"In\u00edcio\",\"item\":\"https:\/\/www.neobaby.com.br\/neo_baby\/\"},{\"@type\":\"ListItem\",\"position\":2,\"name\":\"Quem Somos\"}]},{\"@type\":\"WebSite\",\"@id\":\"https:\/\/www.neobaby.com.br\/neo_baby\/#website\",\"url\":\"https:\/\/www.neobaby.com.br\/neo_baby\/\",\"name\":\"NeoBaby\",\"description\":\"S.O.S Amamenta\u00e7\u00e3o | Curso para Gestantes\",\"publisher\":{\"@id\":\"https:\/\/www.neobaby.com.br\/neo_baby\/#organization\"},\"potentialAction\":[{\"@type\":\"SearchAction\",\"target\":{\"@type\":\"EntryPoint\",\"urlTemplate\":\"https:\/\/www.neobaby.com.br\/neo_baby\/?s={search_term_string}\"},\"query-input\":\"required name=search_term_string\"}],\"inLanguage\":\"pt-BR\"},{\"@type\":\"Organization\",\"@id\":\"https:\/\/www.neobaby.com.br\/neo_baby\/#organization\",\"name\":\"Neo Baby\",\"url\":\"https:\/\/www.neobaby.com.br\/neo_baby\/\",\"logo\":{\"@type\":\"ImageObject\",\"inLanguage\":\"pt-BR\",\"@id\":\"https:\/\/www.neobaby.com.br\/neo_baby\/#\/schema\/logo\/image\/\",\"url\":\"https:\/\/www.neobaby.com.br\/neo_baby\/wp-content\/uploads\/2015\/11\/logo.jpg\",\"contentUrl\":\"https:\/\/www.neobaby.com.br\/neo_baby\/wp-content\/uploads\/2015\/11\/logo.jpg\",\"width\":193,\"height\":71,\"caption\":\"Neo Baby\"},\"image\":{\"@id\":\"https:\/\/www.neobaby.com.br\/neo_baby\/#\/schema\/logo\/image\/\"}}]}<\/script>\n<!-- \/ Yoast SEO plugin. -->","yoast_head_json":{"title":"Quem Somos - NeoBaby","robots":{"index":"index","follow":"follow","max-snippet":"max-snippet:-1","max-image-preview":"max-image-preview:large","max-video-preview":"max-video-preview:-1"},"canonical":"https:\/\/www.neobaby.com.br\/neo_baby\/quem-somos\/","og_locale":"pt_BR","og_type":"article","og_title":"Quem Somos - NeoBaby","og_url":"https:\/\/www.neobaby.com.br\/neo_baby\/quem-somos\/","og_site_name":"NeoBaby","article_modified_time":"2020-05-29T19:30:23+00:00","twitter_card":"summary_large_image","twitter_misc":{"Est. tempo de leitura":"1 minuto"},"schema":{"@context":"https:\/\/schema.org","@graph":[{"@type":"WebPage","@id":"https:\/\/www.neobaby.com.br\/neo_baby\/quem-somos\/","url":"https:\/\/www.neobaby.com.br\/neo_baby\/quem-somos\/","name":"Quem Somos - NeoBaby","isPartOf":{"@id":"https:\/\/www.neobaby.com.br\/neo_baby\/#website"},"datePublished":"2020-05-26T18:21:02+00:00","dateModified":"2020-05-29T19:30:23+00:00","breadcrumb":{"@id":"https:\/\/www.neobaby.com.br\/neo_baby\/quem-somos\/#breadcrumb"},"inLanguage":"pt-BR","potentialAction":[{"@type":"ReadAction","target":["https:\/\/www.neobaby.com.br\/neo_baby\/quem-somos\/"]}]},{"@type":"BreadcrumbList","@id":"https:\/\/www.neobaby.com.br\/neo_baby\/quem-somos\/#breadcrumb","itemListElement":[{"@type":"ListItem","position":1,"name":"In\u00edcio","item":"https:\/\/www.neobaby.com.br\/neo_baby\/"},{"@type":"ListItem","position":2,"name":"Quem Somos"}]},{"@type":"WebSite","@id":"https:\/\/www.neobaby.com.br\/neo_baby\/#website","url":"https:\/\/www.neobaby.com.br\/neo_baby\/","name":"NeoBaby","description":"S.O.S Amamenta\u00e7\u00e3o | Curso para Gestantes","publisher":{"@id":"https:\/\/www.neobaby.com.br\/neo_baby\/#organization"},"potentialAction":[{"@type":"SearchAction","target":{"@type":"EntryPoint","urlTemplate":"https:\/\/www.neobaby.com.br\/neo_baby\/?s={search_term_string}"},"query-input":"required name=search_term_string"}],"inLanguage":"pt-BR"},{"@type":"Organization","@id":"https:\/\/www.neobaby.com.br\/neo_baby\/#organization","name":"Neo Baby","url":"https:\/\/www.neobaby.com.br\/neo_baby\/","logo":{"@type":"ImageObject","inLanguage":"pt-BR","@id":"https:\/\/www.neobaby.com.br\/neo_baby\/#\/schema\/logo\/image\/","url":"https:\/\/www.neobaby.com.br\/neo_baby\/wp-content\/uploads\/2015\/11\/logo.jpg","contentUrl":"https:\/\/www.neobaby.com.br\/neo_baby\/wp-content\/uploads\/2015\/11\/logo.jpg","width":193,"height":71,"caption":"Neo Baby"},"image":{"@id":"https:\/\/www.neobaby.com.br\/neo_baby\/#\/schema\/logo\/image\/"}}]}},"uagb_featured_image_src":{"full":false,"thumbnail":false,"medium":false,"medium_large":false,"large":false,"1536x1536":false,"2048x2048":false},"uagb_author_info":{"display_name":"admin","author_link":"https:\/\/www.neobaby.com.br\/neo_baby\/author\/admin\/"},"uagb_comment_info":0,"uagb_excerpt":null,"_links":{"self":[{"href":"https:\/\/www.neobaby.com.br\/neo_baby\/wp-json\/wp\/v2\/pages\/923"}],"collection":[{"href":"https:\/\/www.neobaby.com.br\/neo_baby\/wp-json\/wp\/v2\/pages"}],"about":[{"href":"https:\/\/www.neobaby.com.br\/neo_baby\/wp-json\/wp\/v2\/types\/page"}],"author":[{"embeddable":true,"href":"https:\/\/www.neobaby.com.br\/neo_baby\/wp-json\/wp\/v2\/users\/1"}],"replies":[{"embeddable":true,"href":"https:\/\/www.neobaby.com.br\/neo_baby\/wp-json\/wp\/v2\/comments?post=923"}],"version-history":[{"count":7,"href":"https:\/\/www.neobaby.com.br\/neo_baby\/wp-json\/wp\/v2\/pages\/923\/revisions"}],"predecessor-version":[{"id":1513,"href":"https:\/\/www.neobaby.com.br\/neo_baby\/wp-json\/wp\/v2\/pages\/923\/revisions\/1513"}],"wp:attachment":[{"href":"https:\/\/www.neobaby.com.br\/neo_baby\/wp-json\/wp\/v2\/media?parent=923"}],"curies":[{"name":"wp","href":"https:\/\/api.w.org\/{rel}","templated":true}]}}