{"id":955,"date":"2020-05-26T18:30:31","date_gmt":"2020-05-26T18:30:31","guid":{"rendered":"http:\/\/www.neobaby.com.br\/neo_baby\/?page_id=955"},"modified":"2025-12-17T11:19:36","modified_gmt":"2025-12-17T14:19:36","slug":"cursos-para-gestantes","status":"publish","type":"page","link":"https:\/\/www.neobaby.com.br\/neo_baby\/cursos-para-gestantes\/","title":{"rendered":"Cursos Para Gestantes"},"content":{"rendered":"\n<section class=\"wp-block-uagb-section uagb-section__wrap uagb-section__background-image uagb-block-9678000c\"><div class=\"uagb-section__overlay\"><\/div><div class=\"uagb-section__inner-wrap\">\n<section class=\"wp-block-uagb-section uagb-section__wrap uagb-section__background-undefined uagb-block-db957bda\"><div class=\"uagb-section__overlay\"><\/div><div class=\"uagb-section__inner-wrap\"><\/div><\/section>\n<\/div><\/section>\n\n\n\n<section class=\"wp-block-uagb-section uagb-section__wrap uagb-section__background-color uagb-block-40baacde-c145-4416-b548-013bca64e69b\"><div class=\"uagb-section__overlay\"><\/div><div class=\"uagb-section__inner-wrap\"><style>.kb-row-layout-id955_08462b-87 > .kt-row-column-wrap{align-content:start;}:where(.kb-row-layout-id955_08462b-87 > .kt-row-column-wrap) > .wp-block-kadence-column{justify-content:start;}.kb-row-layout-id955_08462b-87 > .kt-row-column-wrap{column-gap:var(--global-kb-gap-md, 2rem);row-gap:var(--global-kb-gap-md, 2rem);padding-top:var(--global-kb-spacing-sm, 1.5rem);padding-bottom:var(--global-kb-spacing-sm, 1.5rem);grid-template-columns:minmax(0, 1fr);}.kb-row-layout-id955_08462b-87 > .kt-row-layout-overlay{opacity:0.30;}@media all and (max-width: 1024px){.kb-row-layout-id955_08462b-87 > .kt-row-column-wrap{grid-template-columns:repeat(2, minmax(0, 1fr));}}@media all and (max-width: 767px){.kb-row-layout-id955_08462b-87 > .kt-row-column-wrap{grid-template-columns:minmax(0, 1fr);}}<\/style><div class=\"kb-row-layout-wrap kb-row-layout-id955_08462b-87 alignnone wp-block-kadence-rowlayout\"><div class=\"kt-row-column-wrap kt-has-2-columns kt-row-layout-row kt-tab-layout-inherit kt-mobile-layout-row kt-row-valign-top\">\n<style>.kadence-column955_18727f-30 > .kt-inside-inner-col,.kadence-column955_18727f-30 > .kt-inside-inner-col:before{border-top-left-radius:0px;border-top-right-radius:0px;border-bottom-right-radius:0px;border-bottom-left-radius:0px;}.kadence-column955_18727f-30 > .kt-inside-inner-col{column-gap:var(--global-kb-gap-sm, 1rem);}.kadence-column955_18727f-30 > .kt-inside-inner-col{flex-direction:column;}.kadence-column955_18727f-30 > .kt-inside-inner-col > .aligncenter{width:100%;}.kadence-column955_18727f-30 > .kt-inside-inner-col:before{opacity:0.3;}.kadence-column955_18727f-30{position:relative;}@media all and (max-width: 1024px){.kadence-column955_18727f-30 > .kt-inside-inner-col{flex-direction:column;}}@media all and (max-width: 767px){.kadence-column955_18727f-30 > .kt-inside-inner-col{flex-direction:column;}}<\/style>\n<div class=\"wp-block-kadence-column kadence-column955_18727f-30 inner-column-1\"><div class=\"kt-inside-inner-col\">\n<h2 class=\"wp-block-heading has-text-align-center has-text-color\" style=\"color:#6abe8a\">CURSOS PARA GESTANTES<\/h2>\n\n\n\n<p>As gestantes e as pu\u00e9rperas bem orientadas e preparadas para o auto-cuidado apresentam menores riscos, altera\u00e7\u00f5es e complica\u00e7\u00f5es. O beb\u00ea amamentado e bem cuidado por uma m\u00e3e informada adoece menos, cresce e se desenvolve melhor.<br>A empresa que investe em atividades educativas e profil\u00e1ticas na \u00e1rea materno-infantil investe diretamente na busca de benef\u00edcios para seus funcion\u00e1rios, para a comunidade e para si pr\u00f3pria; pois este trabalho leva \u00e0 redu\u00e7\u00e3o dos \u00edndices de consultas e internamentos, gastos com medicamentos e faltas ao trabalho, melhorando assim a produtividade.<\/p>\n\n\n\n<h3 class=\"wp-block-heading\">Programa\u00e7\u00e3o de palestras:<\/h3>\n\n\n\n<p>\u2022 Mudan\u00e7as e cuidados durante a gesta\u00e7\u00e3o;<br>\u2022 Parto normal, cesariana, anestesias e cuidados no puerp\u00e9rio;<br>\u2022 Participa\u00e7\u00e3o de acompanhante no parto;<br>\u2022 Rotina e visita \u00e0 maternidade (kit maternidade);<br>\u2022 Orienta\u00e7\u00f5es nutricionais p\/ gesta\u00e7\u00e3o e p\u00f3s parto;<br>\u2022 Benef\u00edcios da fisioterapia na gesta\u00e7\u00e3o e p\u00f3s parto;<br>\u2022 Preparo das mamas para amamentar;<br>\u2022 Aleitamento materno e como superar dificuldades;<br>\u2022 Preven\u00e7\u00e3o atrav\u00e9s das vacinas;<br>\u2022 Caracter\u00edsticas e cuidados com o rec\u00e9m \u2013 nascido;<br>\u2022 Cuidados com beb\u00eas (banho, troca de fraldas, massagem para c\u00f3licas, posi\u00e7\u00e3o p\/ arrotar, posi\u00e7\u00e3o no ber\u00e7o, sono;<br>\u2022 Primeiros socorros: cuidados com engasgos, quedas, febre;<br>\u2022 Habilita para a licen\u00e7a de paternidade respons\u00e1vel.<\/p>\n<\/div><\/div>\n\n\n<style>.kadence-column955_03a4f1-25 > .kt-inside-inner-col{display:flex;}.kadence-column955_03a4f1-25 > .kt-inside-inner-col{padding-top:5px;padding-right:5px;padding-bottom:5px;padding-left:5px;}.kadence-column955_03a4f1-25 > .kt-inside-inner-col,.kadence-column955_03a4f1-25 > .kt-inside-inner-col:before{border-top-left-radius:0px;border-top-right-radius:0px;border-bottom-right-radius:0px;border-bottom-left-radius:0px;}.kadence-column955_03a4f1-25 > .kt-inside-inner-col{flex-direction:column;}.kadence-column955_03a4f1-25 > .kt-inside-inner-col > .aligncenter{width:100%;}.kadence-column955_03a4f1-25 > .kt-inside-inner-col{background-color:#ecfff2;}.kadence-column955_03a4f1-25 > .kt-inside-inner-col:before{opacity:0.3;}.kadence-column955_03a4f1-25{position:relative;}@media all and (max-width: 1024px){.kadence-column955_03a4f1-25 > .kt-inside-inner-col{flex-direction:column;}}@media all and (max-width: 767px){.kadence-column955_03a4f1-25 > .kt-inside-inner-col{flex-direction:column;}}<\/style>\n<div class=\"wp-block-kadence-column kadence-column955_03a4f1-25 kadence-column_26ccc5-a2\"><div class=\"kt-inside-inner-col\">\n<h2 class=\"wp-block-heading has-text-align-center has-text-color\" style=\"color:#6abe8a\">CLIQUE ABAIXO E CONFIRA OS LOCAIS E PROGRAMA\u00c7\u00c3O DOS CURSOS<\/h2>\n\n\n\n<p>CLIQUE no local do seu interesse e veja todas as informa\u00e7\u00f5es sobre datas, hor\u00e1rios e conte\u00fado dos cursos.<\/p>\n\n\n\n<section class=\"wp-block-uagb-section uagb-section__wrap uagb-section__background-undefined uagb-block-613436f1-0d53-4d35-98f6-4560ca593962\"><div class=\"uagb-section__overlay\"><\/div><div class=\"uagb-section__inner-wrap\"><style>.wp-block-kadence-advancedbtn.kb-btns955_25014a-5b{gap:var(--global-kb-gap-xs, 0.5rem );justify-content:center;align-items:center;}.kt-btns955_25014a-5b .kt-button{font-weight:normal;font-style:normal;}<\/style>\n<div class=\"wp-block-kadence-advancedbtn kb-buttons-wrap kb-btns955_25014a-5b\"><style>ul.menu .wp-block-kadence-advancedbtn .kb-btn955_2801b5-5c.kb-button{width:initial;}.wp-block-kadence-advancedbtn .kb-btn955_2801b5-5c.kb-button{color:#6abe8a;background:#ffffff;border-top-left-radius:50px;border-top-right-radius:50px;border-bottom-right-radius:50px;border-bottom-left-radius:50px;border-top:1px solid #6abe8a;border-right:1px solid #6abe8a;border-bottom:1px solid #6abe8a;border-left:1px solid #6abe8a;}.wp-block-kadence-advancedbtn .kb-btn955_2801b5-5c.kb-button:hover{color:#ffffff;background:#6abe8a;border-top-color:#ffffff;border-top-style:solid;border-right-color:#ffffff;border-right-style:solid;border-bottom-color:#ffffff;border-bottom-style:solid;border-left-color:#ffffff;border-left-style:solid;}@media all and (max-width: 1024px){.wp-block-kadence-advancedbtn .kb-btn955_2801b5-5c.kb-button{border-top:1px solid #6abe8a;border-right:1px solid #6abe8a;border-bottom:1px solid #6abe8a;border-left:1px solid #6abe8a;}}@media all and (max-width: 1024px){.wp-block-kadence-advancedbtn .kb-btn955_2801b5-5c.kb-button:hover{border-top-color:#ffffff;border-top-style:solid;border-right-color:#ffffff;border-right-style:solid;border-bottom-color:#ffffff;border-bottom-style:solid;border-left-color:#ffffff;border-left-style:solid;}}@media all and (max-width: 1024px){.kb-btn955_2801b5-5c.kb-button .kb-svg-icon-wrap{display:block;}}@media all and (max-width: 767px){.wp-block-kadence-advancedbtn .kb-btn955_2801b5-5c.kb-button{border-top:1px solid #6abe8a;border-right:1px solid #6abe8a;border-bottom:1px solid #6abe8a;border-left:1px solid #6abe8a;}.wp-block-kadence-advancedbtn .kb-btn955_2801b5-5c.kb-button:hover{border-top-color:#ffffff;border-top-style:solid;border-right-color:#ffffff;border-right-style:solid;border-bottom-color:#ffffff;border-bottom-style:solid;border-left-color:#ffffff;border-left-style:solid;}}<\/style><a class=\"kb-button kt-button button kb-btn955_2801b5-5c kt-btn-size-standard kt-btn-width-type-full kb-btn-global-outline kt-btn-has-text-true kt-btn-has-svg-false wp-block-kadence-singlebtn\" href=\"http:\/\/www.neobaby.com.br\/neo_baby\/curso-hospital-nossa-sra-das-gracas\/\"><span class=\"kt-btn-inner-text\">CURSO HOSPITAL NOSSA SRA. DAS GRA\u00c7AS<\/span><\/a><\/div>\n\n\n<style>.wp-block-kadence-advancedbtn.kb-btns955_3948d6-c8{gap:var(--global-kb-gap-xs, 0.5rem );justify-content:center;align-items:center;}.kt-btns955_3948d6-c8 .kt-button{font-weight:normal;font-style:normal;}<\/style>\n<div class=\"wp-block-kadence-advancedbtn kb-buttons-wrap kb-btns955_3948d6-c8\"><style>ul.menu .wp-block-kadence-advancedbtn .kb-btn955_ad55d7-e8.kb-button{width:initial;}.wp-block-kadence-advancedbtn .kb-btn955_ad55d7-e8.kb-button{color:#6abe8a;background:#ffffff;border-top-left-radius:50px;border-top-right-radius:50px;border-bottom-right-radius:50px;border-bottom-left-radius:50px;border-top:1px solid #6abe8a;border-right:1px solid #6abe8a;border-bottom:1px solid #6abe8a;border-left:1px solid #6abe8a;}.wp-block-kadence-advancedbtn .kb-btn955_ad55d7-e8.kb-button:hover{color:#ffffff;background:#6abe8a;border-top-color:#ffffff;border-top-style:solid;border-right-color:#ffffff;border-right-style:solid;border-bottom-color:#ffffff;border-bottom-style:solid;border-left-color:#ffffff;border-left-style:solid;}@media all and (max-width: 1024px){.wp-block-kadence-advancedbtn .kb-btn955_ad55d7-e8.kb-button{border-top:1px solid #6abe8a;border-right:1px solid #6abe8a;border-bottom:1px solid #6abe8a;border-left:1px solid #6abe8a;}}@media all and (max-width: 1024px){.wp-block-kadence-advancedbtn .kb-btn955_ad55d7-e8.kb-button:hover{border-top-color:#ffffff;border-top-style:solid;border-right-color:#ffffff;border-right-style:solid;border-bottom-color:#ffffff;border-bottom-style:solid;border-left-color:#ffffff;border-left-style:solid;}}@media all and (max-width: 1024px){.kb-btn955_ad55d7-e8.kb-button .kb-svg-icon-wrap{display:block;}}@media all and (max-width: 767px){.wp-block-kadence-advancedbtn .kb-btn955_ad55d7-e8.kb-button{border-top:1px solid #6abe8a;border-right:1px solid #6abe8a;border-bottom:1px solid #6abe8a;border-left:1px solid #6abe8a;}.wp-block-kadence-advancedbtn .kb-btn955_ad55d7-e8.kb-button:hover{border-top-color:#ffffff;border-top-style:solid;border-right-color:#ffffff;border-right-style:solid;border-bottom-color:#ffffff;border-bottom-style:solid;border-left-color:#ffffff;border-left-style:solid;}}<\/style><a class=\"kb-button kt-button button kb-btn955_ad55d7-e8 kt-btn-size-standard kt-btn-width-type-full kb-btn-global-outline kt-btn-has-text-true kt-btn-has-svg-false wp-block-kadence-singlebtn\" href=\"http:\/\/www.neobaby.com.br\/neo_baby\/curso-nascer-fatima\/\"><span class=\"kt-btn-inner-text\">CURSO HOSPITAL E MATERNIDADE SANTA BR\u00cdGIDA<\/span><\/a><\/div>\n\n\n<style>.wp-block-kadence-advancedbtn.kb-btns955_88b94a-a1{gap:var(--global-kb-gap-xs, 0.5rem );justify-content:center;align-items:center;}.kt-btns955_88b94a-a1 .kt-button{font-weight:normal;font-style:normal;}<\/style>\n<div class=\"wp-block-kadence-advancedbtn kb-buttons-wrap kb-btns955_88b94a-a1\"><style>ul.menu .wp-block-kadence-advancedbtn .kb-btn955_2a2214-3b.kb-button{width:initial;}.wp-block-kadence-advancedbtn .kb-btn955_2a2214-3b.kb-button{color:#6abe8a;background:#ffffff;border-top-left-radius:50px;border-top-right-radius:50px;border-bottom-right-radius:50px;border-bottom-left-radius:50px;border-top:1px solid #6abe8a;border-right:1px solid #6abe8a;border-bottom:1px solid #6abe8a;border-left:1px solid #6abe8a;}.wp-block-kadence-advancedbtn .kb-btn955_2a2214-3b.kb-button:hover{color:#ffffff;background:#6abe8a;border-top-color:#ffffff;border-top-style:solid;border-right-color:#ffffff;border-right-style:solid;border-bottom-color:#ffffff;border-bottom-style:solid;border-left-color:#ffffff;border-left-style:solid;}@media all and (max-width: 1024px){.wp-block-kadence-advancedbtn .kb-btn955_2a2214-3b.kb-button{border-top:1px solid #6abe8a;border-right:1px solid #6abe8a;border-bottom:1px solid #6abe8a;border-left:1px solid #6abe8a;}}@media all and (max-width: 1024px){.wp-block-kadence-advancedbtn .kb-btn955_2a2214-3b.kb-button:hover{border-top-color:#ffffff;border-top-style:solid;border-right-color:#ffffff;border-right-style:solid;border-bottom-color:#ffffff;border-bottom-style:solid;border-left-color:#ffffff;border-left-style:solid;}}@media all and (max-width: 1024px){.kb-btn955_2a2214-3b.kb-button .kb-svg-icon-wrap{display:block;}}@media all and (max-width: 767px){.wp-block-kadence-advancedbtn .kb-btn955_2a2214-3b.kb-button{border-top:1px solid #6abe8a;border-right:1px solid #6abe8a;border-bottom:1px solid #6abe8a;border-left:1px solid #6abe8a;}.wp-block-kadence-advancedbtn .kb-btn955_2a2214-3b.kb-button:hover{border-top-color:#ffffff;border-top-style:solid;border-right-color:#ffffff;border-right-style:solid;border-bottom-color:#ffffff;border-bottom-style:solid;border-left-color:#ffffff;border-left-style:solid;}}<\/style><a class=\"kb-button kt-button button kb-btn955_2a2214-3b kt-btn-size-standard kt-btn-width-type-full kb-btn-global-outline kt-btn-has-text-true kt-btn-has-svg-false wp-block-kadence-singlebtn\" href=\"http:\/\/www.neobaby.com.br\/neo_baby\/cursos-personalizados\/\"><span class=\"kt-btn-inner-text\">CURSO PERSONALIZADO DOMICILIAR<\/span><\/a><\/div>\n\n\n<style>.wp-block-kadence-advancedbtn.kb-btns955_df7a6c-42{gap:var(--global-kb-gap-xs, 0.5rem );justify-content:center;align-items:center;}.kt-btns955_df7a6c-42 .kt-button{font-weight:normal;font-style:normal;}<\/style>\n<div class=\"wp-block-kadence-advancedbtn kb-buttons-wrap kb-btns955_df7a6c-42\"><style>ul.menu .wp-block-kadence-advancedbtn .kb-btn955_91e9f7-33.kb-button{width:initial;}.wp-block-kadence-advancedbtn .kb-btn955_91e9f7-33.kb-button{color:#6abe8a;background:#ffffff;border-top-left-radius:50px;border-top-right-radius:50px;border-bottom-right-radius:50px;border-bottom-left-radius:50px;border-top:1px solid #6abe8a;border-right:1px solid #6abe8a;border-bottom:1px solid #6abe8a;border-left:1px solid #6abe8a;}.wp-block-kadence-advancedbtn .kb-btn955_91e9f7-33.kb-button:hover{color:#ffffff;background:#6abe8a;border-top-color:#ffffff;border-top-style:solid;border-right-color:#ffffff;border-right-style:solid;border-bottom-color:#ffffff;border-bottom-style:solid;border-left-color:#ffffff;border-left-style:solid;}@media all and (max-width: 1024px){.wp-block-kadence-advancedbtn .kb-btn955_91e9f7-33.kb-button{border-top:1px solid #6abe8a;border-right:1px solid #6abe8a;border-bottom:1px solid #6abe8a;border-left:1px solid #6abe8a;}}@media all and (max-width: 1024px){.wp-block-kadence-advancedbtn .kb-btn955_91e9f7-33.kb-button:hover{border-top-color:#ffffff;border-top-style:solid;border-right-color:#ffffff;border-right-style:solid;border-bottom-color:#ffffff;border-bottom-style:solid;border-left-color:#ffffff;border-left-style:solid;}}@media all and (max-width: 1024px){.kb-btn955_91e9f7-33.kb-button .kb-svg-icon-wrap{display:block;}}@media all and (max-width: 767px){.wp-block-kadence-advancedbtn .kb-btn955_91e9f7-33.kb-button{border-top:1px solid #6abe8a;border-right:1px solid #6abe8a;border-bottom:1px solid #6abe8a;border-left:1px solid #6abe8a;}.wp-block-kadence-advancedbtn .kb-btn955_91e9f7-33.kb-button:hover{border-top-color:#ffffff;border-top-style:solid;border-right-color:#ffffff;border-right-style:solid;border-bottom-color:#ffffff;border-bottom-style:solid;border-left-color:#ffffff;border-left-style:solid;}}<\/style><a class=\"kb-button kt-button button kb-btn955_91e9f7-33 kt-btn-size-standard kt-btn-width-type-full kb-btn-global-outline kt-btn-has-text-true kt-btn-has-svg-false wp-block-kadence-singlebtn\" href=\"http:\/\/www.neobaby.com.br\/neo_baby\/cursos-online\/\"><span class=\"kt-btn-inner-text\">CURSOS ONLINE<\/span><\/a><\/div>\n<\/div><\/section>\n<\/div><\/div>\n\n<\/div><\/div><\/div><\/section>\n","protected":false},"excerpt":{"rendered":"","protected":false},"author":1,"featured_media":0,"parent":0,"menu_order":0,"comment_status":"closed","ping_status":"closed","template":"","meta":{"_acf_changed":false,"_uag_custom_page_level_css":"","_joinchat":[],"footnotes":""},"acf":[],"yoast_head":"<!-- This site is optimized with the Yoast SEO plugin v22.5 - https:\/\/yoast.com\/wordpress\/plugins\/seo\/ -->\n<title>Cursos Para Gestantes - NeoBaby<\/title>\n<meta name=\"robots\" content=\"index, follow, max-snippet:-1, max-image-preview:large, max-video-preview:-1\" \/>\n<link rel=\"canonical\" href=\"https:\/\/www.neobaby.com.br\/neo_baby\/cursos-para-gestantes\/\" \/>\n<meta property=\"og:locale\" content=\"pt_BR\" \/>\n<meta property=\"og:type\" content=\"article\" \/>\n<meta property=\"og:title\" content=\"Cursos Para Gestantes - NeoBaby\" \/>\n<meta property=\"og:url\" content=\"https:\/\/www.neobaby.com.br\/neo_baby\/cursos-para-gestantes\/\" \/>\n<meta property=\"og:site_name\" content=\"NeoBaby\" \/>\n<meta property=\"article:modified_time\" content=\"2025-12-17T14:19:36+00:00\" \/>\n<meta name=\"twitter:card\" content=\"summary_large_image\" \/>\n<meta name=\"twitter:label1\" content=\"Est. tempo de leitura\" \/>\n\t<meta name=\"twitter:data1\" content=\"2 minutos\" \/>\n<script type=\"application\/ld+json\" class=\"yoast-schema-graph\">{\"@context\":\"https:\/\/schema.org\",\"@graph\":[{\"@type\":\"WebPage\",\"@id\":\"https:\/\/www.neobaby.com.br\/neo_baby\/cursos-para-gestantes\/\",\"url\":\"https:\/\/www.neobaby.com.br\/neo_baby\/cursos-para-gestantes\/\",\"name\":\"Cursos Para Gestantes - NeoBaby\",\"isPartOf\":{\"@id\":\"https:\/\/www.neobaby.com.br\/neo_baby\/#website\"},\"datePublished\":\"2020-05-26T18:30:31+00:00\",\"dateModified\":\"2025-12-17T14:19:36+00:00\",\"breadcrumb\":{\"@id\":\"https:\/\/www.neobaby.com.br\/neo_baby\/cursos-para-gestantes\/#breadcrumb\"},\"inLanguage\":\"pt-BR\",\"potentialAction\":[{\"@type\":\"ReadAction\",\"target\":[\"https:\/\/www.neobaby.com.br\/neo_baby\/cursos-para-gestantes\/\"]}]},{\"@type\":\"BreadcrumbList\",\"@id\":\"https:\/\/www.neobaby.com.br\/neo_baby\/cursos-para-gestantes\/#breadcrumb\",\"itemListElement\":[{\"@type\":\"ListItem\",\"position\":1,\"name\":\"In\u00edcio\",\"item\":\"https:\/\/www.neobaby.com.br\/neo_baby\/\"},{\"@type\":\"ListItem\",\"position\":2,\"name\":\"Cursos Para Gestantes\"}]},{\"@type\":\"WebSite\",\"@id\":\"https:\/\/www.neobaby.com.br\/neo_baby\/#website\",\"url\":\"https:\/\/www.neobaby.com.br\/neo_baby\/\",\"name\":\"NeoBaby\",\"description\":\"S.O.S Amamenta\u00e7\u00e3o | Curso para Gestantes\",\"publisher\":{\"@id\":\"https:\/\/www.neobaby.com.br\/neo_baby\/#organization\"},\"potentialAction\":[{\"@type\":\"SearchAction\",\"target\":{\"@type\":\"EntryPoint\",\"urlTemplate\":\"https:\/\/www.neobaby.com.br\/neo_baby\/?s={search_term_string}\"},\"query-input\":\"required name=search_term_string\"}],\"inLanguage\":\"pt-BR\"},{\"@type\":\"Organization\",\"@id\":\"https:\/\/www.neobaby.com.br\/neo_baby\/#organization\",\"name\":\"Neo Baby\",\"url\":\"https:\/\/www.neobaby.com.br\/neo_baby\/\",\"logo\":{\"@type\":\"ImageObject\",\"inLanguage\":\"pt-BR\",\"@id\":\"https:\/\/www.neobaby.com.br\/neo_baby\/#\/schema\/logo\/image\/\",\"url\":\"https:\/\/www.neobaby.com.br\/neo_baby\/wp-content\/uploads\/2015\/11\/logo.jpg\",\"contentUrl\":\"https:\/\/www.neobaby.com.br\/neo_baby\/wp-content\/uploads\/2015\/11\/logo.jpg\",\"width\":193,\"height\":71,\"caption\":\"Neo Baby\"},\"image\":{\"@id\":\"https:\/\/www.neobaby.com.br\/neo_baby\/#\/schema\/logo\/image\/\"}}]}<\/script>\n<!-- \/ Yoast SEO plugin. -->","yoast_head_json":{"title":"Cursos Para Gestantes - NeoBaby","robots":{"index":"index","follow":"follow","max-snippet":"max-snippet:-1","max-image-preview":"max-image-preview:large","max-video-preview":"max-video-preview:-1"},"canonical":"https:\/\/www.neobaby.com.br\/neo_baby\/cursos-para-gestantes\/","og_locale":"pt_BR","og_type":"article","og_title":"Cursos Para Gestantes - NeoBaby","og_url":"https:\/\/www.neobaby.com.br\/neo_baby\/cursos-para-gestantes\/","og_site_name":"NeoBaby","article_modified_time":"2025-12-17T14:19:36+00:00","twitter_card":"summary_large_image","twitter_misc":{"Est. tempo de leitura":"2 minutos"},"schema":{"@context":"https:\/\/schema.org","@graph":[{"@type":"WebPage","@id":"https:\/\/www.neobaby.com.br\/neo_baby\/cursos-para-gestantes\/","url":"https:\/\/www.neobaby.com.br\/neo_baby\/cursos-para-gestantes\/","name":"Cursos Para Gestantes - NeoBaby","isPartOf":{"@id":"https:\/\/www.neobaby.com.br\/neo_baby\/#website"},"datePublished":"2020-05-26T18:30:31+00:00","dateModified":"2025-12-17T14:19:36+00:00","breadcrumb":{"@id":"https:\/\/www.neobaby.com.br\/neo_baby\/cursos-para-gestantes\/#breadcrumb"},"inLanguage":"pt-BR","potentialAction":[{"@type":"ReadAction","target":["https:\/\/www.neobaby.com.br\/neo_baby\/cursos-para-gestantes\/"]}]},{"@type":"BreadcrumbList","@id":"https:\/\/www.neobaby.com.br\/neo_baby\/cursos-para-gestantes\/#breadcrumb","itemListElement":[{"@type":"ListItem","position":1,"name":"In\u00edcio","item":"https:\/\/www.neobaby.com.br\/neo_baby\/"},{"@type":"ListItem","position":2,"name":"Cursos Para Gestantes"}]},{"@type":"WebSite","@id":"https:\/\/www.neobaby.com.br\/neo_baby\/#website","url":"https:\/\/www.neobaby.com.br\/neo_baby\/","name":"NeoBaby","description":"S.O.S Amamenta\u00e7\u00e3o | Curso para Gestantes","publisher":{"@id":"https:\/\/www.neobaby.com.br\/neo_baby\/#organization"},"potentialAction":[{"@type":"SearchAction","target":{"@type":"EntryPoint","urlTemplate":"https:\/\/www.neobaby.com.br\/neo_baby\/?s={search_term_string}"},"query-input":"required name=search_term_string"}],"inLanguage":"pt-BR"},{"@type":"Organization","@id":"https:\/\/www.neobaby.com.br\/neo_baby\/#organization","name":"Neo Baby","url":"https:\/\/www.neobaby.com.br\/neo_baby\/","logo":{"@type":"ImageObject","inLanguage":"pt-BR","@id":"https:\/\/www.neobaby.com.br\/neo_baby\/#\/schema\/logo\/image\/","url":"https:\/\/www.neobaby.com.br\/neo_baby\/wp-content\/uploads\/2015\/11\/logo.jpg","contentUrl":"https:\/\/www.neobaby.com.br\/neo_baby\/wp-content\/uploads\/2015\/11\/logo.jpg","width":193,"height":71,"caption":"Neo Baby"},"image":{"@id":"https:\/\/www.neobaby.com.br\/neo_baby\/#\/schema\/logo\/image\/"}}]}},"uagb_featured_image_src":{"full":false,"thumbnail":false,"medium":false,"medium_large":false,"large":false,"1536x1536":false,"2048x2048":false},"uagb_author_info":{"display_name":"admin","author_link":"https:\/\/www.neobaby.com.br\/neo_baby\/author\/admin\/"},"uagb_comment_info":0,"uagb_excerpt":null,"_links":{"self":[{"href":"https:\/\/www.neobaby.com.br\/neo_baby\/wp-json\/wp\/v2\/pages\/955"}],"collection":[{"href":"https:\/\/www.neobaby.com.br\/neo_baby\/wp-json\/wp\/v2\/pages"}],"about":[{"href":"https:\/\/www.neobaby.com.br\/neo_baby\/wp-json\/wp\/v2\/types\/page"}],"author":[{"embeddable":true,"href":"https:\/\/www.neobaby.com.br\/neo_baby\/wp-json\/wp\/v2\/users\/1"}],"replies":[{"embeddable":true,"href":"https:\/\/www.neobaby.com.br\/neo_baby\/wp-json\/wp\/v2\/comments?post=955"}],"version-history":[{"count":16,"href":"https:\/\/www.neobaby.com.br\/neo_baby\/wp-json\/wp\/v2\/pages\/955\/revisions"}],"predecessor-version":[{"id":1782,"href":"https:\/\/www.neobaby.com.br\/neo_baby\/wp-json\/wp\/v2\/pages\/955\/revisions\/1782"}],"wp:attachment":[{"href":"https:\/\/www.neobaby.com.br\/neo_baby\/wp-json\/wp\/v2\/media?parent=955"}],"curies":[{"name":"wp","href":"https:\/\/api.w.org\/{rel}","templated":true}]}}